{"id":3,"date":"2024-05-18T23:29:24","date_gmt":"2024-05-18T23:29:24","guid":{"rendered":"https:\/\/academiayogafacial.com\/?page_id=3"},"modified":"2024-05-28T11:11:34","modified_gmt":"2024-05-28T11:11:34","slug":"politica-privacidade","status":"publish","type":"page","link":"https:\/\/academiayogafacial.com\/index.php\/politica-privacidade\/","title":{"rendered":"Pol\u00edtica de Privacidade"},"content":{"rendered":"\n<p>Todas as suas informa\u00e7\u00f5es pessoais recolhidas, ser\u00e3o usadas para o ajudar a tornar a sua visita ao nosso site o mais produtiva e agrad\u00e1vel poss\u00edvel. A garantia da confidencialidade dos dados pessoais dos utilizadores do nosso site \u00e9 importante para o projeto Academia de Yoga Facial &#8211; Face Yoga Paula S\u00e1.\u00a0<\/p>\n\n\n\n<p>Todas as informa\u00e7\u00f5es pessoais relativas a assinantes, clientes ou visitantes que usem o Academia de Yoga Facial &#8211; Face Yoga Paula S\u00e1, ser\u00e3o tratadas em concord\u00e2ncia com o Regulamento (UE) 2016\/679 do Parlamento Europeu e do Conselho de 27 de Abril de 2016.<\/p>\n\n\n\n<h2 class=\"wp-block-heading\">Que dados pessoais s\u00e3o recolhidos e como o fazemos?<\/h2>\n\n\n\n<p>A Academia de Yoga Facial &#8211; Face Yoga Paula S\u00e1 est\u00e1 empenhada no respeito pela privacidade e confidencialidade dos dados pessoais que lhe s\u00e3o disponibilizados e por isso neste documento encontra informa\u00e7\u00e3o sobre a forma como os mesmos s\u00e3o tratados em conformidade com o Regulamento Geral de Prote\u00e7\u00e3o de Dados.\u00a0<\/p>\n\n\n\n<p>A Academia de Yoga Facial &#8211; Face Yoga Paula S\u00e1 S\u00e1 procede \u00e0 capta\u00e7\u00e3o de dados pessoais de forma ativa atrav\u00e9s do seu website no endere\u00e7o www.faceyogapaulasa.com.\u00a0<\/p>\n\n\n\n<p>Os dados pessoais s\u00e3o captados numa \u00f3ptica de marketing, com consentimento expl\u00edcito dos seus titulares, permitindo assim ao projeto Face Yoga Paula S\u00e1 dar a conhecer os seus servi\u00e7os, projectos e outras informa\u00e7\u00f5es \u00fateis para profissionais por email, redes sociais ou WhatsApp, bem como manter o contacto com estes ao longo do tempo e enquanto for do interesse de ambas as partes.&nbsp;<\/p>\n\n\n\n<p>Toda a informa\u00e7\u00e3o recolhida \u00e9 para uso exclusivo do projeto Academia de Yoga Facial &#8211; Face Yoga Paula S\u00e1 neste sentido, compromete-se a n\u00e3o a vender, trocar, alugar ou partilhar a terceiros sem o consentimento do utilizador, excepto se a isso obrigada por decis\u00e3o de tribunal. A informa\u00e7\u00e3o recolhida \u00e9 organizada internamente numa base de dados devidamente regularizada junto da Comiss\u00e3o Nacional de Protec\u00e7\u00e3o de Dados CNPD.\u00a0<\/p>\n\n\n\n<p>Os dados s\u00e3o recolhidos diretamente pela Academia de Marketing Digital e tratados para envio de informa\u00e7\u00e3o por email nos termos acima descritos. Os mesmos s\u00e3o tratados de forma sigilosa, sendo guardados numa base de dados de acesso restrito aos colaboradores que deles necessitem para os fins a que se destinam.&nbsp;<\/p>\n\n\n\n<p>Os dados pessoais s\u00e3o captados atrav\u00e9s do website. No caso do website essa capta\u00e7\u00e3o acontece de forma direta (atrav\u00e9s do preenchimento de formul\u00e1rios onde os dados s\u00e3o solicitados) e de forma indireta (atrav\u00e9s do registo de a\u00e7\u00f5es realizadas pelos visitantes do site que s\u00e3o essencialmente an\u00f3nimas mas em alguns casos podem permitir a sua identifica\u00e7\u00e3o). Na capta\u00e7\u00e3o indireta contam-se protocolos de comunica\u00e7\u00e3o electr\u00f3nica, cookies, endere\u00e7os embebidos, p\u00edxeis transparentes, outros widgets ou dados de georeferencia\u00e7\u00e3o.<\/p>\n\n\n\n<h2 class=\"wp-block-heading\">Que n\u00edvel de seguran\u00e7a inform\u00e1tica \u00e9 aplicada aos dados pessoais<\/h2>\n\n\n\n<p>Recorremos a medidas de seguran\u00e7a f\u00edsicas, tecnol\u00f3gicas e administrativas para proteger a informa\u00e7\u00e3o. Os dados captados atrav\u00e9s do website do Academia de Yoga Facial &#8211; Face Yoga Paula S\u00e1 s\u00e3o comunicados via rede Internet sob protocolo seguro SSL. Este tipo de comunica\u00e7\u00e3o n\u00e3o \u00e9 inviol\u00e1vel mas corresponde, actualmente, \u00e0s melhores pr\u00e1ticas de mercado.<\/p>\n\n\n\n<h2 class=\"wp-block-heading\">Por quanto tempo s\u00e3o retidos os seus dados?<\/h2>\n\n\n\n<p>Os dados recolhidos atrav\u00e9s deste site manter-se-\u00e3o guardados durante o per\u00edodo de tempo em que o utilizador se encontrar registado, sendo eliminados, nos termos legais, quando o utilizador requerer a elimina\u00e7\u00e3o dos mesmos ou do seu registo.<\/p>\n\n\n\n<p>Os dados recolhidos durante o processo de encomenda de produtos com venda online ou de inscri\u00e7\u00e3o online nas ofertas formativas manter-se-\u00e3o conservados durante o per\u00edodo de tempo exigido pela lei, nomeadamente para efeitos fiscais\/contabil\u00edsticos e para efeito de salvaguarda de garantias e responsabilidades contratuais.<\/p>\n\n\n\n<h2 class=\"wp-block-heading\">Como posso saber que dados pessoais est\u00e3o a ser tratados e como posso solicitar a sua actualiza\u00e7\u00e3o ou remo\u00e7\u00e3o?<\/h2>\n\n\n\n<p>Para saber que dados pessoais estamos a tratar e para a sua actualiza\u00e7\u00e3o ou remo\u00e7\u00e3o basta que nos dirija esse pedido por email para info@yogapaulasa.com.<\/p>\n\n\n\n<h2 class=\"wp-block-heading\">Como posso solicitar que os meus dados pessoais deixem de se tratados?<\/h2>\n\n\n\n<p>Para retirar o seu consentimento para tratamento dos seus dados basta que nos dirija esse pedido por email para geral@yogapaulasa.com.<\/p>\n\n\n\n<h2 class=\"wp-block-heading\">Que outros dados podem ser captados?<\/h2>\n\n\n\n<p>O site Academia de Yoga Facial &#8211; Face Yoga Paula S\u00e1 utiliza cookies para assegurar uma melhor experi\u00eancia de utiliza\u00e7\u00e3o e tamb\u00e9m cookies de terceiros, como Google e Facebook, para medi\u00e7\u00e3o e an\u00e1lise de tr\u00e1fego. Estes cookies podem armazenar alguma informa\u00e7\u00e3o que permita identificar um visitante do ao nosso site. O visitante pode no entanto, configurar o seu programa de navega\u00e7\u00e3o na Internet para n\u00e3o aceitar cookies, caso o pretenda. Adicionalmente os logs do servidor web podem registar informa\u00e7\u00e3o do visitante como o browser, sistema operativo, dispositivo incluindo marca, modelo e vers\u00e3o, origem da visita (referrer), data\/hora de acesso, endere\u00e7o IP, fornecedor de servi\u00e7o Internet e zona geogr\u00e1fica de acesso. Esta informa\u00e7\u00e3o \u00e9 usada para fins estat\u00edsticos e de melhoria de experi\u00eancia de utiliza\u00e7\u00e3o do site.<\/p>\n\n\n\n<h2 class=\"wp-block-heading\">Os meus dados ser\u00e3o partilhados com terceiros?<\/h2>\n\n\n\n<p>A nossa Pol\u00edtica de Privacidade e de Prote\u00e7\u00e3o de Dados Pessoais aplica-se exclusivamente ao nosso site. No entanto, este site na internet cont\u00e9m liga\u00e7\u00f5es a sites de parceiros, clientes e fornecedores. A liga\u00e7\u00e3o a esses sites pressup\u00f5e sempre um clique do utilizador no respetivo link, nunca sendo a liga\u00e7\u00e3o autom\u00e1tica. \u00c9 absolutamente imposs\u00edvel ao projeto Face Yoga, Paula S\u00e1 garantir que as pr\u00e1ticas dos nossos parceiros, clientes e fornecedores quanto \u00e0 prote\u00e7\u00e3o de dados est\u00e3o conforme a lei e as nossas exig\u00eancias \u00e9ticas. Assim, o Face Yoga, Paula S\u00e1 n\u00e3o poder\u00e1 ser responsabilizada pelo conte\u00fado ou pol\u00edtica de privacidade dos sites externos, sendo exclusivamente da responsabilidade dos seus propriet\u00e1rios qualquer dano ou il\u00edcito que a consulta desses sites possa causar.<\/p>\n\n\n\n<h2 class=\"wp-block-heading\">S\u00e3o captados tamb\u00e9m dados pessoais de menores?<\/h2>\n\n\n\n<p>Toda a capta\u00e7\u00e3o de dados que \u00e9 realizada n\u00e3o se dirige a menores, at\u00e9 porque, o tipo de conte\u00fado que \u00e9 divulgado \u00e9 relevante essencialmente para adultos. Caso suspeite que recolhemos dados de algum menor de 18 anos queira por favor contactar-nos atrav\u00e9s do email info@yogapaulasa.com<\/p>\n\n\n\n<h2 class=\"wp-block-heading\">Esta pol\u00edtica de privacidade pode sofrer altera\u00e7\u00f5es?<\/h2>\n\n\n\n<p>Sim, consoante a evolu\u00e7\u00e3o da legisla\u00e7\u00e3o e da tecnologia \u00e9 poss\u00edvel que a pol\u00edtica de privacidade vigente no projeto Face Yoga Paula S\u00e1 seja alterada. Todas as altera\u00e7\u00f5es ser\u00e3o reflectidas neste documento dispon\u00edvel online.<\/p>\n\n\n\n<h2 class=\"wp-block-heading\">Tem alguma d\u00favida sobre esta pol\u00edtica de privacidade?<\/h2>\n\n\n\n<p>Para d\u00favidas por favor contacte-nos via email atrav\u00e9s de info@yogapaulasa.com<\/p>\n\n\n\n<h2 class=\"wp-block-heading\">Informa\u00e7\u00f5es de contacto do respons\u00e1vel pelo tratamento<\/h2>\n\n\n\n<p>Paula S\u00e1:\u00a0info@yogapaulasa.com<\/p>\n","protected":false},"excerpt":{"rendered":"<p>Todas as suas informa\u00e7\u00f5es pessoais recolhidas, ser\u00e3o usadas para o ajudar a tornar a sua visita ao nosso site o [&hellip;]<\/p>\n","protected":false},"author":1,"featured_media":0,"parent":0,"menu_order":0,"comment_status":"closed","ping_status":"open","template":"","meta":{"site-sidebar-layout":"default","site-content-layout":"","ast-site-content-layout":"","site-content-style":"default","site-sidebar-style":"default","ast-global-header-display":"","ast-banner-title-visibility":"","ast-main-header-display":"","ast-hfb-above-header-display":"","ast-hfb-below-header-display":"","ast-hfb-mobile-header-display":"","site-post-title":"","ast-breadcrumbs-content":"","ast-featured-img":"","footer-sml-layout":"","theme-transparent-header-meta":"","adv-header-id-meta":"","stick-header-meta":"","header-above-stick-meta":"","header-main-stick-meta":"","header-below-stick-meta":"","astra-migrate-meta-layouts":"default","ast-page-background-enabled":"default","ast-page-background-meta":{"desktop":{"background-color":"var(--ast-global-color-4)","background-image":"","background-repeat":"repeat","background-position":"center center","background-size":"auto","background-attachment":"scroll","background-type":"","background-media":"","overlay-type":"","overlay-color":"","overlay-opacity":"","overlay-gradient":""},"tablet":{"background-color":"","background-image":"","background-repeat":"repeat","background-position":"center center","background-size":"auto","background-attachment":"scroll","background-type":"","background-media":"","overlay-type":"","overlay-color":"","overlay-opacity":"","overlay-gradient":""},"mobile":{"background-color":"","background-image":"","background-repeat":"repeat","background-position":"center center","background-size":"auto","background-attachment":"scroll","background-type":"","background-media":"","overlay-type":"","overlay-color":"","overlay-opacity":"","overlay-gradient":""}},"ast-content-background-meta":{"desktop":{"background-color":"var(--ast-global-color-5)","background-image":"","background-repeat":"repeat","background-position":"center center","background-size":"auto","background-attachment":"scroll","background-type":"","background-media":"","overlay-type":"","overlay-color":"","overlay-opacity":"","overlay-gradient":""},"tablet":{"background-color":"var(--ast-global-color-5)","background-image":"","background-repeat":"repeat","background-position":"center center","background-size":"auto","background-attachment":"scroll","background-type":"","background-media":"","overlay-type":"","overlay-color":"","overlay-opacity":"","overlay-gradient":""},"mobile":{"background-color":"var(--ast-global-color-5)","background-image":"","background-repeat":"repeat","background-position":"center center","background-size":"auto","background-attachment":"scroll","background-type":"","background-media":"","overlay-type":"","overlay-color":"","overlay-opacity":"","overlay-gradient":""}},"footnotes":""},"class_list":["post-3","page","type-page","status-publish","hentry"],"yoast_head":"<!-- This site is optimized with the Yoast SEO plugin v24.1 - https:\/\/yoast.com\/wordpress\/plugins\/seo\/ -->\n<title>Pol\u00edtica de Privacidade - Academia de Yoga Facial<\/title>\n<meta name=\"robots\" content=\"index, follow, max-snippet:-1, max-image-preview:large, max-video-preview:-1\" \/>\n<link rel=\"canonical\" href=\"https:\/\/academiayogafacial.com\/index.php\/politica-privacidade\/\" \/>\n<meta property=\"og:locale\" content=\"pt_PT\" \/>\n<meta property=\"og:type\" content=\"article\" \/>\n<meta property=\"og:title\" content=\"Pol\u00edtica de Privacidade - Academia de Yoga Facial\" \/>\n<meta property=\"og:description\" content=\"Todas as suas informa\u00e7\u00f5es pessoais recolhidas, ser\u00e3o usadas para o ajudar a tornar a sua visita ao nosso site o [&hellip;]\" \/>\n<meta property=\"og:url\" content=\"https:\/\/academiayogafacial.com\/index.php\/politica-privacidade\/\" \/>\n<meta property=\"og:site_name\" content=\"Academia de Yoga Facial\" \/>\n<meta property=\"article:publisher\" content=\"https:\/\/www.facebook.com\/academiayogafacial.paulasa\" \/>\n<meta property=\"article:modified_time\" content=\"2024-05-28T11:11:34+00:00\" \/>\n<meta name=\"twitter:card\" content=\"summary_large_image\" \/>\n<meta name=\"twitter:label1\" content=\"Tempo estimado de leitura\" \/>\n\t<meta name=\"twitter:data1\" content=\"6 minutos\" \/>\n<script type=\"application\/ld+json\" class=\"yoast-schema-graph\">{\"@context\":\"https:\/\/schema.org\",\"@graph\":[{\"@type\":\"WebPage\",\"@id\":\"https:\/\/academiayogafacial.com\/index.php\/politica-privacidade\/\",\"url\":\"https:\/\/academiayogafacial.com\/index.php\/politica-privacidade\/\",\"name\":\"Pol\u00edtica de Privacidade - Academia de Yoga Facial\",\"isPartOf\":{\"@id\":\"https:\/\/academiayogafacial.com\/#website\"},\"datePublished\":\"2024-05-18T23:29:24+00:00\",\"dateModified\":\"2024-05-28T11:11:34+00:00\",\"breadcrumb\":{\"@id\":\"https:\/\/academiayogafacial.com\/index.php\/politica-privacidade\/#breadcrumb\"},\"inLanguage\":\"pt-PT\",\"potentialAction\":[{\"@type\":\"ReadAction\",\"target\":[\"https:\/\/academiayogafacial.com\/index.php\/politica-privacidade\/\"]}]},{\"@type\":\"BreadcrumbList\",\"@id\":\"https:\/\/academiayogafacial.com\/index.php\/politica-privacidade\/#breadcrumb\",\"itemListElement\":[{\"@type\":\"ListItem\",\"position\":1,\"name\":\"In\u00edcio\",\"item\":\"https:\/\/academiayogafacial.com\/\"},{\"@type\":\"ListItem\",\"position\":2,\"name\":\"Pol\u00edtica de Privacidade\"}]},{\"@type\":\"WebSite\",\"@id\":\"https:\/\/academiayogafacial.com\/#website\",\"url\":\"https:\/\/academiayogafacial.com\/\",\"name\":\"Academia de Yoga Facial\",\"description\":\"\",\"publisher\":{\"@id\":\"https:\/\/academiayogafacial.com\/#organization\"},\"potentialAction\":[{\"@type\":\"SearchAction\",\"target\":{\"@type\":\"EntryPoint\",\"urlTemplate\":\"https:\/\/academiayogafacial.com\/?s={search_term_string}\"},\"query-input\":{\"@type\":\"PropertyValueSpecification\",\"valueRequired\":true,\"valueName\":\"search_term_string\"}}],\"inLanguage\":\"pt-PT\"},{\"@type\":\"Organization\",\"@id\":\"https:\/\/academiayogafacial.com\/#organization\",\"name\":\"Academia de Yoga Facial\",\"url\":\"https:\/\/academiayogafacial.com\/\",\"logo\":{\"@type\":\"ImageObject\",\"inLanguage\":\"pt-PT\",\"@id\":\"https:\/\/academiayogafacial.com\/#\/schema\/logo\/image\/\",\"url\":\"https:\/\/academiayogafacial.com\/wp-content\/uploads\/2024\/05\/AYF-com-a-letra-Poppins.png\",\"contentUrl\":\"https:\/\/academiayogafacial.com\/wp-content\/uploads\/2024\/05\/AYF-com-a-letra-Poppins.png\",\"width\":1080,\"height\":1080,\"caption\":\"Academia de Yoga Facial\"},\"image\":{\"@id\":\"https:\/\/academiayogafacial.com\/#\/schema\/logo\/image\/\"},\"sameAs\":[\"https:\/\/www.facebook.com\/academiayogafacial.paulasa\"]}]}<\/script>\n<!-- \/ Yoast SEO plugin. -->","yoast_head_json":{"title":"Pol\u00edtica de Privacidade - Academia de Yoga Facial","robots":{"index":"index","follow":"follow","max-snippet":"max-snippet:-1","max-image-preview":"max-image-preview:large","max-video-preview":"max-video-preview:-1"},"canonical":"https:\/\/academiayogafacial.com\/index.php\/politica-privacidade\/","og_locale":"pt_PT","og_type":"article","og_title":"Pol\u00edtica de Privacidade - Academia de Yoga Facial","og_description":"Todas as suas informa\u00e7\u00f5es pessoais recolhidas, ser\u00e3o usadas para o ajudar a tornar a sua visita ao nosso site o [&hellip;]","og_url":"https:\/\/academiayogafacial.com\/index.php\/politica-privacidade\/","og_site_name":"Academia de Yoga Facial","article_publisher":"https:\/\/www.facebook.com\/academiayogafacial.paulasa","article_modified_time":"2024-05-28T11:11:34+00:00","twitter_card":"summary_large_image","twitter_misc":{"Tempo estimado de leitura":"6 minutos"},"schema":{"@context":"https:\/\/schema.org","@graph":[{"@type":"WebPage","@id":"https:\/\/academiayogafacial.com\/index.php\/politica-privacidade\/","url":"https:\/\/academiayogafacial.com\/index.php\/politica-privacidade\/","name":"Pol\u00edtica de Privacidade - Academia de Yoga Facial","isPartOf":{"@id":"https:\/\/academiayogafacial.com\/#website"},"datePublished":"2024-05-18T23:29:24+00:00","dateModified":"2024-05-28T11:11:34+00:00","breadcrumb":{"@id":"https:\/\/academiayogafacial.com\/index.php\/politica-privacidade\/#breadcrumb"},"inLanguage":"pt-PT","potentialAction":[{"@type":"ReadAction","target":["https:\/\/academiayogafacial.com\/index.php\/politica-privacidade\/"]}]},{"@type":"BreadcrumbList","@id":"https:\/\/academiayogafacial.com\/index.php\/politica-privacidade\/#breadcrumb","itemListElement":[{"@type":"ListItem","position":1,"name":"In\u00edcio","item":"https:\/\/academiayogafacial.com\/"},{"@type":"ListItem","position":2,"name":"Pol\u00edtica de Privacidade"}]},{"@type":"WebSite","@id":"https:\/\/academiayogafacial.com\/#website","url":"https:\/\/academiayogafacial.com\/","name":"Academia de Yoga Facial","description":"","publisher":{"@id":"https:\/\/academiayogafacial.com\/#organization"},"potentialAction":[{"@type":"SearchAction","target":{"@type":"EntryPoint","urlTemplate":"https:\/\/academiayogafacial.com\/?s={search_term_string}"},"query-input":{"@type":"PropertyValueSpecification","valueRequired":true,"valueName":"search_term_string"}}],"inLanguage":"pt-PT"},{"@type":"Organization","@id":"https:\/\/academiayogafacial.com\/#organization","name":"Academia de Yoga Facial","url":"https:\/\/academiayogafacial.com\/","logo":{"@type":"ImageObject","inLanguage":"pt-PT","@id":"https:\/\/academiayogafacial.com\/#\/schema\/logo\/image\/","url":"https:\/\/academiayogafacial.com\/wp-content\/uploads\/2024\/05\/AYF-com-a-letra-Poppins.png","contentUrl":"https:\/\/academiayogafacial.com\/wp-content\/uploads\/2024\/05\/AYF-com-a-letra-Poppins.png","width":1080,"height":1080,"caption":"Academia de Yoga Facial"},"image":{"@id":"https:\/\/academiayogafacial.com\/#\/schema\/logo\/image\/"},"sameAs":["https:\/\/www.facebook.com\/academiayogafacial.paulasa"]}]}},"_links":{"self":[{"href":"https:\/\/academiayogafacial.com\/index.php\/wp-json\/wp\/v2\/pages\/3","targetHints":{"allow":["GET"]}}],"collection":[{"href":"https:\/\/academiayogafacial.com\/index.php\/wp-json\/wp\/v2\/pages"}],"about":[{"href":"https:\/\/academiayogafacial.com\/index.php\/wp-json\/wp\/v2\/types\/page"}],"author":[{"embeddable":true,"href":"https:\/\/academiayogafacial.com\/index.php\/wp-json\/wp\/v2\/users\/1"}],"replies":[{"embeddable":true,"href":"https:\/\/academiayogafacial.com\/index.php\/wp-json\/wp\/v2\/comments?post=3"}],"version-history":[{"count":2,"href":"https:\/\/academiayogafacial.com\/index.php\/wp-json\/wp\/v2\/pages\/3\/revisions"}],"predecessor-version":[{"id":93,"href":"https:\/\/academiayogafacial.com\/index.php\/wp-json\/wp\/v2\/pages\/3\/revisions\/93"}],"wp:attachment":[{"href":"https:\/\/academiayogafacial.com\/index.php\/wp-json\/wp\/v2\/media?parent=3"}],"curies":[{"name":"wp","href":"https:\/\/api.w.org\/{rel}","templated":true}]}}